{"id":4053,"date":"2022-02-09T13:55:52","date_gmt":"2022-02-09T19:55:52","guid":{"rendered":"https:\/\/miranda-demos.com\/aindapage\/?page_id=4053"},"modified":"2023-08-30T21:20:17","modified_gmt":"2023-08-31T03:20:17","slug":"transparency-hotline","status":"publish","type":"page","link":"https:\/\/aindaei.com\/en\/linea-de-transparencia\/","title":{"rendered":"Transparency Hotline"},"content":{"rendered":"<div data-elementor-type=\"wp-page\" data-elementor-id=\"4053\" class=\"elementor elementor-4053\" data-elementor-post-type=\"page\">\n\t\t\t\t\t\t<section class=\"elementor-section elementor-top-section elementor-element elementor-element-ce73d4b elementor-section-height-min-height animated-slow elementor-section-boxed elementor-section-height-default elementor-section-items-middle elementor-invisible\" data-id=\"ce73d4b\" data-element_type=\"section\" data-e-type=\"section\" data-settings=\"{&quot;background_background&quot;:&quot;classic&quot;,&quot;animation&quot;:&quot;fadeIn&quot;}\">\n\t\t\t\t\t\t\t<div class=\"elementor-background-overlay\"><\/div>\n\t\t\t\t\t\t\t<div class=\"elementor-container elementor-column-gap-default\">\n\t\t\t\t\t<div class=\"elementor-column elementor-col-100 elementor-top-column elementor-element elementor-element-3682154\" data-id=\"3682154\" data-element_type=\"column\" data-e-type=\"column\">\n\t\t\t<div class=\"elementor-widget-wrap elementor-element-populated\">\n\t\t\t\t\t\t<div class=\"elementor-element elementor-element-8ea0a8e elementor-widget elementor-widget-heading\" data-id=\"8ea0a8e\" data-element_type=\"widget\" data-e-type=\"widget\" data-widget_type=\"heading.default\">\n\t\t\t\t<div class=\"elementor-widget-container\">\n\t\t\t\t\t<h2 class=\"elementor-heading-title elementor-size-default\">Transparency Hotline<\/h2>\t\t\t\t<\/div>\n\t\t\t\t<\/div>\n\t\t\t\t\t<\/div>\n\t\t<\/div>\n\t\t\t\t\t<\/div>\n\t\t<\/section>\n\t\t\t\t<section class=\"elementor-section elementor-top-section elementor-element elementor-element-a0197a6 elementor-section-content-middle animated-slow elementor-section-boxed elementor-section-height-default elementor-section-height-default elementor-invisible\" data-id=\"a0197a6\" data-element_type=\"section\" data-e-type=\"section\" data-settings=\"{&quot;background_background&quot;:&quot;classic&quot;,&quot;animation&quot;:&quot;fadeInUp&quot;}\">\n\t\t\t\t\t\t<div class=\"elementor-container elementor-column-gap-default\">\n\t\t\t\t\t<div class=\"elementor-column elementor-col-50 elementor-top-column elementor-element elementor-element-ddc35fe\" data-id=\"ddc35fe\" data-element_type=\"column\" data-e-type=\"column\">\n\t\t\t<div class=\"elementor-widget-wrap elementor-element-populated\">\n\t\t\t\t\t\t<div class=\"elementor-element elementor-element-994091c elementor-widget elementor-widget-heading\" data-id=\"994091c\" data-element_type=\"widget\" data-e-type=\"widget\" data-widget_type=\"heading.default\">\n\t\t\t\t<div class=\"elementor-widget-container\">\n\t\t\t\t\t<h2 class=\"elementor-heading-title elementor-size-default\">Promoting a culture of transparency<\/h2>\t\t\t\t<\/div>\n\t\t\t\t<\/div>\n\t\t\t\t<div class=\"elementor-element elementor-element-3d91b0f elementor-widget-divider--view-line elementor-widget elementor-widget-divider\" data-id=\"3d91b0f\" data-element_type=\"widget\" data-e-type=\"widget\" data-widget_type=\"divider.default\">\n\t\t\t\t<div class=\"elementor-widget-container\">\n\t\t\t\t\t\t\t<div class=\"elementor-divider\">\n\t\t\t<span class=\"elementor-divider-separator\">\n\t\t\t\t\t\t<\/span>\n\t\t<\/div>\n\t\t\t\t\t\t<\/div>\n\t\t\t\t<\/div>\n\t\t\t\t<div class=\"elementor-element elementor-element-da23a13 elementor-widget elementor-widget-text-editor\" data-id=\"da23a13\" data-element_type=\"widget\" data-e-type=\"widget\" data-widget_type=\"text-editor.default\">\n\t\t\t\t<div class=\"elementor-widget-container\">\n\t\t\t\t\t\t\t\t\t<p>Aligned with AINDA\u2019s committed to its beliefs and values, it offers a transparency hotline, which is designed to receive completely anonymous reports, if so desired.<\/p><p>Transparency hotline reports go directly to the Chairman of the Audit Committee, who is a member of Ennea. The Audit Committee is responsible for following up.<\/p>\t\t\t\t\t\t\t\t<\/div>\n\t\t\t\t<\/div>\n\t\t\t\t<div class=\"elementor-element elementor-element-bf2728f elementor-align-left elementor-tablet-align-center elementor-widget elementor-widget-button\" data-id=\"bf2728f\" data-element_type=\"widget\" data-e-type=\"widget\" data-widget_type=\"button.default\">\n\t\t\t\t<div class=\"elementor-widget-container\">\n\t\t\t\t\t\t\t\t\t<div class=\"elementor-button-wrapper\">\n\t\t\t\t\t<a class=\"elementor-button elementor-button-link elementor-size-sm\" href=\"https:\/\/www.letica.mx\/ainda\" target=\"_blank\">\n\t\t\t\t\t\t<span class=\"elementor-button-content-wrapper\">\n\t\t\t\t\t\t<span class=\"elementor-button-icon\">\n\t\t\t\t<svg aria-hidden=\"true\" class=\"e-font-icon-svg e-fas-user\" viewbox=\"0 0 448 512\" xmlns=\"http:\/\/www.w3.org\/2000\/svg\"><path d=\"M224 256c70.7 0 128-57.3 128-128S294.7 0 224 0 96 57.3 96 128s57.3 128 128 128zm89.6 32h-16.7c-22.2 10.2-46.9 16-72.9 16s-50.6-5.8-72.9-16h-16.7C60.2 288 0 348.2 0 422.4V464c0 26.5 21.5 48 48 48h352c26.5 0 48-21.5 48-48v-41.6c0-74.2-60.2-134.4-134.4-134.4z\"><\/path><\/svg>\t\t\t<\/span>\n\t\t\t\t\t\t\t\t\t<span class=\"elementor-button-text\">Make a Report Online<\/span>\n\t\t\t\t\t<\/span>\n\t\t\t\t\t<\/a>\n\t\t\t\t<\/div>\n\t\t\t\t\t\t\t\t<\/div>\n\t\t\t\t<\/div>\n\t\t\t\t\t<\/div>\n\t\t<\/div>\n\t\t\t\t<div class=\"elementor-column elementor-col-50 elementor-top-column elementor-element elementor-element-ca17aaf\" data-id=\"ca17aaf\" data-element_type=\"column\" data-e-type=\"column\">\n\t\t\t<div class=\"elementor-widget-wrap elementor-element-populated\">\n\t\t\t\t\t\t<div class=\"elementor-element elementor-element-c740b44 elementor-widget elementor-widget-heading\" data-id=\"c740b44\" data-element_type=\"widget\" data-e-type=\"widget\" data-widget_type=\"heading.default\">\n\t\t\t\t<div class=\"elementor-widget-container\">\n\t\t\t\t\t<h2 class=\"elementor-heading-title elementor-size-default\">Write or send a message to:<\/h2>\t\t\t\t<\/div>\n\t\t\t\t<\/div>\n\t\t\t\t<div class=\"elementor-element elementor-element-a081105 elementor-widget elementor-widget-text-editor\" data-id=\"a081105\" data-element_type=\"widget\" data-e-type=\"widget\" data-widget_type=\"text-editor.default\">\n\t\t\t\t<div class=\"elementor-widget-container\">\n\t\t\t\t\t\t\t\t\t<p>Email: <a href=\"mailto:ainda@letica.email\">ainda@letica.email<\/a><br \/><br \/>Phone (Mexico): <a href=\"tel:800 283 2823\">800 283 2823<\/a><br \/><br \/>Whatsapp: <a href=\"tel:+52 811 917 9005\">+52 811 917 9005<\/a><\/p>\t\t\t\t\t\t\t\t<\/div>\n\t\t\t\t<\/div>\n\t\t\t\t<div class=\"elementor-element elementor-element-2f13fd8 elementor-widget elementor-widget-heading\" data-id=\"2f13fd8\" data-element_type=\"widget\" data-e-type=\"widget\" data-widget_type=\"heading.default\">\n\t\t\t\t<div class=\"elementor-widget-container\">\n\t\t\t\t\t<h2 class=\"elementor-heading-title elementor-size-default\">Or via the app:<\/h2>\t\t\t\t<\/div>\n\t\t\t\t<\/div>\n\t\t\t\t<div class=\"elementor-element elementor-element-d6232fe elementor-shape-circle e-grid-align-left e-grid-align-tablet-center elementor-grid-0 elementor-widget elementor-widget-social-icons\" data-id=\"d6232fe\" data-element_type=\"widget\" data-e-type=\"widget\" data-widget_type=\"social-icons.default\">\n\t\t\t\t<div class=\"elementor-widget-container\">\n\t\t\t\t\t\t\t<div class=\"elementor-social-icons-wrapper elementor-grid\" role=\"list\">\n\t\t\t\t\t\t\t<span class=\"elementor-grid-item\" role=\"listitem\">\n\t\t\t\t\t<a class=\"elementor-icon elementor-social-icon elementor-social-icon-app-store elementor-repeater-item-b1ac1e8\" href=\"https:\/\/apps.apple.com\/us\/app\/letica\/id1491407743\" target=\"_blank\">\n\t\t\t\t\t\t<span class=\"elementor-screen-only\">App-store<\/span>\n\t\t\t\t\t\t<svg aria-hidden=\"true\" class=\"e-font-icon-svg e-fab-app-store\" viewbox=\"0 0 512 512\" xmlns=\"http:\/\/www.w3.org\/2000\/svg\"><path d=\"M255.9 120.9l9.1-15.7c5.6-9.8 18.1-13.1 27.9-7.5 9.8 5.6 13.1 18.1 7.5 27.9l-87.5 151.5h63.3c20.5 0 32 24.1 23.1 40.8H113.8c-11.3 0-20.4-9.1-20.4-20.4 0-11.3 9.1-20.4 20.4-20.4h52l66.6-115.4-20.8-36.1c-5.6-9.8-2.3-22.2 7.5-27.9 9.8-5.6 22.2-2.3 27.9 7.5l8.9 15.7zm-78.7 218l-19.6 34c-5.6 9.8-18.1 13.1-27.9 7.5-9.8-5.6-13.1-18.1-7.5-27.9l14.6-25.2c16.4-5.1 29.8-1.2 40.4 11.6zm168.9-61.7h53.1c11.3 0 20.4 9.1 20.4 20.4 0 11.3-9.1 20.4-20.4 20.4h-29.5l19.9 34.5c5.6 9.8 2.3 22.2-7.5 27.9-9.8 5.6-22.2 2.3-27.9-7.5-33.5-58.1-58.7-101.6-75.4-130.6-17.1-29.5-4.9-59.1 7.2-69.1 13.4 23 33.4 57.7 60.1 104zM256 8C119 8 8 119 8 256s111 248 248 248 248-111 248-248S393 8 256 8zm216 248c0 118.7-96.1 216-216 216-118.7 0-216-96.1-216-216 0-118.7 96.1-216 216-216 118.7 0 216 96.1 216 216z\"><\/path><\/svg>\t\t\t\t\t<\/a>\n\t\t\t\t<\/span>\n\t\t\t\t\t\t\t<span class=\"elementor-grid-item\" role=\"listitem\">\n\t\t\t\t\t<a class=\"elementor-icon elementor-social-icon elementor-social-icon-google-play elementor-repeater-item-da2a357\" href=\"https:\/\/play.google.com\/store\/apps\/details?id=com.softcontrolsinternational.letica&#038;hl=en&#038;gl=US\" target=\"_blank\">\n\t\t\t\t\t\t<span class=\"elementor-screen-only\">Google-play<\/span>\n\t\t\t\t\t\t<svg aria-hidden=\"true\" class=\"e-font-icon-svg e-fab-google-play\" viewbox=\"0 0 512 512\" xmlns=\"http:\/\/www.w3.org\/2000\/svg\"><path d=\"M325.3 234.3L104.6 13l280.8 161.2-60.1 60.1zM47 0C34 6.8 25.3 19.2 25.3 35.3v441.3c0 16.1 8.7 28.5 21.7 35.3l256.6-256L47 0zm425.2 225.6l-58.9-34.1-65.7 64.5 65.7 64.5 60.1-34.1c18-14.3 18-46.5-1.2-60.8zM104.6 499l280.8-161.2-60.1-60.1L104.6 499z\"><\/path><\/svg>\t\t\t\t\t<\/a>\n\t\t\t\t<\/span>\n\t\t\t\t\t<\/div>\n\t\t\t\t\t\t<\/div>\n\t\t\t\t<\/div>\n\t\t\t\t\t<\/div>\n\t\t<\/div>\n\t\t\t\t\t<\/div>\n\t\t<\/section>\n\t\t\t\t<\/div>","protected":false},"excerpt":{"rendered":"<p>L\u00ednea de Transparencia \u00a1Por una cultura de transparencia! AINDA esta comprometida con sus creencias y valores, por lo que pone a tu disposici\u00f3n est\u00e1 l\u00ednea de denuncias, la cual est\u00e1 dise\u00f1ada para recibir tus reportes completamente an\u00f3nimos si as\u00ed lo deseas. Los reportes en la l\u00ednea de transparencia llegan directamente al Presidente del Comit\u00e9 de [&hellip;]<\/p>\n","protected":false},"author":4,"featured_media":4075,"parent":0,"menu_order":0,"comment_status":"closed","ping_status":"closed","template":"elementor_header_footer","meta":{"footnotes":""},"class_list":["post-4053","page","type-page","status-publish","has-post-thumbnail","hentry"],"yoast_head":"<!-- This site is optimized with the Yoast SEO plugin v27.4 - https:\/\/yoast.com\/product\/yoast-seo-wordpress\/ -->\n<title>L\u00ednea de Transparencia - AINDA<\/title>\n<meta name=\"description\" content=\"Estamos comprometidos con nuestras creencias y valores, por lo que ponemos a tu disposici\u00f3n est\u00e1 l\u00ednea de transparencia.\" \/>\n<meta name=\"robots\" content=\"index, follow, max-snippet:-1, max-image-preview:large, max-video-preview:-1\" \/>\n<link rel=\"canonical\" href=\"https:\/\/aindaei.com\/en\/transparency-hotline\/\" \/>\n<meta property=\"og:locale\" content=\"en_US\" \/>\n<meta property=\"og:type\" content=\"article\" \/>\n<meta property=\"og:title\" content=\"L\u00ednea de Transparencia - AINDA\" \/>\n<meta property=\"og:description\" content=\"Estamos comprometidos con nuestras creencias y valores, por lo que ponemos a tu disposici\u00f3n est\u00e1 l\u00ednea de transparencia.\" \/>\n<meta property=\"og:url\" content=\"https:\/\/aindaei.com\/en\/transparency-hotline\/\" \/>\n<meta property=\"og:site_name\" content=\"AINDA\" \/>\n<meta property=\"article:modified_time\" content=\"2023-08-31T03:20:17+00:00\" \/>\n<meta property=\"og:image\" content=\"https:\/\/aindaei.com\/wp-content\/uploads\/2022\/02\/pexels-vojtech-okenka-392018-scaled.jpg\" \/>\n\t<meta property=\"og:image:width\" content=\"2560\" \/>\n\t<meta property=\"og:image:height\" content=\"1707\" \/>\n\t<meta property=\"og:image:type\" content=\"image\/jpeg\" \/>\n<meta name=\"twitter:card\" content=\"summary_large_image\" \/>\n<meta name=\"twitter:label1\" content=\"Est. reading time\" \/>\n\t<meta name=\"twitter:data1\" content=\"1 minute\" \/>\n<script type=\"application\/ld+json\" class=\"yoast-schema-graph\">{\"@context\":\"https:\\\/\\\/schema.org\",\"@graph\":[{\"@type\":\"WebPage\",\"@id\":\"https:\\\/\\\/aindaei.com\\\/linea-de-transparencia\\\/\",\"url\":\"https:\\\/\\\/aindaei.com\\\/linea-de-transparencia\\\/\",\"name\":\"L\u00ednea de Transparencia - AINDA\",\"isPartOf\":{\"@id\":\"https:\\\/\\\/aindaei.com\\\/#website\"},\"primaryImageOfPage\":{\"@id\":\"https:\\\/\\\/aindaei.com\\\/linea-de-transparencia\\\/#primaryimage\"},\"image\":{\"@id\":\"https:\\\/\\\/aindaei.com\\\/linea-de-transparencia\\\/#primaryimage\"},\"thumbnailUrl\":\"https:\\\/\\\/aindaei.com\\\/wp-content\\\/uploads\\\/2022\\\/02\\\/pexels-vojtech-okenka-392018-scaled.jpg\",\"datePublished\":\"2022-02-09T19:55:52+00:00\",\"dateModified\":\"2023-08-31T03:20:17+00:00\",\"description\":\"Estamos comprometidos con nuestras creencias y valores, por lo que ponemos a tu disposici\u00f3n est\u00e1 l\u00ednea de transparencia.\",\"breadcrumb\":{\"@id\":\"https:\\\/\\\/aindaei.com\\\/linea-de-transparencia\\\/#breadcrumb\"},\"inLanguage\":\"en-US\",\"potentialAction\":[{\"@type\":\"ReadAction\",\"target\":[\"https:\\\/\\\/aindaei.com\\\/linea-de-transparencia\\\/\"]}]},{\"@type\":\"ImageObject\",\"inLanguage\":\"en-US\",\"@id\":\"https:\\\/\\\/aindaei.com\\\/linea-de-transparencia\\\/#primaryimage\",\"url\":\"https:\\\/\\\/aindaei.com\\\/wp-content\\\/uploads\\\/2022\\\/02\\\/pexels-vojtech-okenka-392018-scaled.jpg\",\"contentUrl\":\"https:\\\/\\\/aindaei.com\\\/wp-content\\\/uploads\\\/2022\\\/02\\\/pexels-vojtech-okenka-392018-scaled.jpg\",\"width\":2560,\"height\":1707},{\"@type\":\"BreadcrumbList\",\"@id\":\"https:\\\/\\\/aindaei.com\\\/linea-de-transparencia\\\/#breadcrumb\",\"itemListElement\":[{\"@type\":\"ListItem\",\"position\":1,\"name\":\"Home\",\"item\":\"https:\\\/\\\/aindaei.com\\\/\"},{\"@type\":\"ListItem\",\"position\":2,\"name\":\"L\u00ednea de Transparencia\"}]},{\"@type\":\"WebSite\",\"@id\":\"https:\\\/\\\/aindaei.com\\\/#website\",\"url\":\"https:\\\/\\\/aindaei.com\\\/\",\"name\":\"AINDA\",\"description\":\"Energ\u00eda &amp; Infraestructura\",\"publisher\":{\"@id\":\"https:\\\/\\\/aindaei.com\\\/#organization\"},\"alternateName\":\"AINDA\",\"potentialAction\":[{\"@type\":\"SearchAction\",\"target\":{\"@type\":\"EntryPoint\",\"urlTemplate\":\"https:\\\/\\\/aindaei.com\\\/?s={search_term_string}\"},\"query-input\":{\"@type\":\"PropertyValueSpecification\",\"valueRequired\":true,\"valueName\":\"search_term_string\"}}],\"inLanguage\":\"en-US\"},{\"@type\":\"Organization\",\"@id\":\"https:\\\/\\\/aindaei.com\\\/#organization\",\"name\":\"AINDA\",\"alternateName\":\"AINDA\",\"url\":\"https:\\\/\\\/aindaei.com\\\/\",\"logo\":{\"@type\":\"ImageObject\",\"inLanguage\":\"en-US\",\"@id\":\"https:\\\/\\\/aindaei.com\\\/#\\\/schema\\\/logo\\\/image\\\/\",\"url\":\"https:\\\/\\\/aindaei.com\\\/wp-content\\\/uploads\\\/2021\\\/10\\\/simbolo_ainda_2.svg\",\"contentUrl\":\"https:\\\/\\\/aindaei.com\\\/wp-content\\\/uploads\\\/2021\\\/10\\\/simbolo_ainda_2.svg\",\"width\":944,\"height\":808,\"caption\":\"AINDA\"},\"image\":{\"@id\":\"https:\\\/\\\/aindaei.com\\\/#\\\/schema\\\/logo\\\/image\\\/\"}}]}<\/script>\n<!-- \/ Yoast SEO plugin. -->","yoast_head_json":{"title":"L\u00ednea de Transparencia - AINDA","description":"Aligned with AINDA\u2019s committed to its beliefs and values, it offers a transparency hotline.","robots":{"index":"index","follow":"follow","max-snippet":"max-snippet:-1","max-image-preview":"max-image-preview:large","max-video-preview":"max-video-preview:-1"},"canonical":"https:\/\/aindaei.com\/en\/transparency-hotline\/","og_locale":"en_US","og_type":"article","og_title":"L\u00ednea de Transparencia - AINDA","og_description":"Estamos comprometidos con nuestras creencias y valores, por lo que ponemos a tu disposici\u00f3n est\u00e1 l\u00ednea de transparencia.","og_url":"https:\/\/aindaei.com\/en\/transparency-hotline\/","og_site_name":"AINDA","article_modified_time":"2023-08-31T03:20:17+00:00","og_image":[{"width":2560,"height":1707,"url":"https:\/\/aindaei.com\/wp-content\/uploads\/2022\/02\/pexels-vojtech-okenka-392018-scaled.jpg","type":"image\/jpeg"}],"twitter_card":"summary_large_image","twitter_misc":{"Est. reading time":"1 minute"},"schema":{"@context":"https:\/\/schema.org","@graph":[{"@type":"WebPage","@id":"https:\/\/aindaei.com\/linea-de-transparencia\/","url":"https:\/\/aindaei.com\/linea-de-transparencia\/","name":"L\u00ednea de Transparencia - AINDA","isPartOf":{"@id":"https:\/\/aindaei.com\/#website"},"primaryImageOfPage":{"@id":"https:\/\/aindaei.com\/linea-de-transparencia\/#primaryimage"},"image":{"@id":"https:\/\/aindaei.com\/linea-de-transparencia\/#primaryimage"},"thumbnailUrl":"https:\/\/aindaei.com\/wp-content\/uploads\/2022\/02\/pexels-vojtech-okenka-392018-scaled.jpg","datePublished":"2022-02-09T19:55:52+00:00","dateModified":"2023-08-31T03:20:17+00:00","description":"Aligned with AINDA\u2019s committed to its beliefs and values, it offers a transparency hotline.","breadcrumb":{"@id":"https:\/\/aindaei.com\/linea-de-transparencia\/#breadcrumb"},"inLanguage":"en-US","potentialAction":[{"@type":"ReadAction","target":["https:\/\/aindaei.com\/linea-de-transparencia\/"]}]},{"@type":"ImageObject","inLanguage":"en-US","@id":"https:\/\/aindaei.com\/linea-de-transparencia\/#primaryimage","url":"https:\/\/aindaei.com\/wp-content\/uploads\/2022\/02\/pexels-vojtech-okenka-392018-scaled.jpg","contentUrl":"https:\/\/aindaei.com\/wp-content\/uploads\/2022\/02\/pexels-vojtech-okenka-392018-scaled.jpg","width":2560,"height":1707},{"@type":"BreadcrumbList","@id":"https:\/\/aindaei.com\/linea-de-transparencia\/#breadcrumb","itemListElement":[{"@type":"ListItem","position":1,"name":"Home","item":"https:\/\/aindaei.com\/"},{"@type":"ListItem","position":2,"name":"L\u00ednea de Transparencia"}]},{"@type":"WebSite","@id":"https:\/\/aindaei.com\/#website","url":"https:\/\/aindaei.com\/","name":"AINDA","description":"Energ\u00eda &amp; Infraestructura","publisher":{"@id":"https:\/\/aindaei.com\/#organization"},"alternateName":"AINDA","potentialAction":[{"@type":"SearchAction","target":{"@type":"EntryPoint","urlTemplate":"https:\/\/aindaei.com\/?s={search_term_string}"},"query-input":{"@type":"PropertyValueSpecification","valueRequired":true,"valueName":"search_term_string"}}],"inLanguage":"en-US"},{"@type":"Organization","@id":"https:\/\/aindaei.com\/#organization","name":"AINDA","alternateName":"AINDA","url":"https:\/\/aindaei.com\/","logo":{"@type":"ImageObject","inLanguage":"en-US","@id":"https:\/\/aindaei.com\/#\/schema\/logo\/image\/","url":"https:\/\/aindaei.com\/wp-content\/uploads\/2021\/10\/simbolo_ainda_2.svg","contentUrl":"https:\/\/aindaei.com\/wp-content\/uploads\/2021\/10\/simbolo_ainda_2.svg","width":944,"height":808,"caption":"AINDA"},"image":{"@id":"https:\/\/aindaei.com\/#\/schema\/logo\/image\/"}}]}},"_links":{"self":[{"href":"https:\/\/aindaei.com\/en\/wp-json\/wp\/v2\/pages\/4053","targetHints":{"allow":["GET"]}}],"collection":[{"href":"https:\/\/aindaei.com\/en\/wp-json\/wp\/v2\/pages"}],"about":[{"href":"https:\/\/aindaei.com\/en\/wp-json\/wp\/v2\/types\/page"}],"author":[{"embeddable":true,"href":"https:\/\/aindaei.com\/en\/wp-json\/wp\/v2\/users\/4"}],"replies":[{"embeddable":true,"href":"https:\/\/aindaei.com\/en\/wp-json\/wp\/v2\/comments?post=4053"}],"version-history":[{"count":3,"href":"https:\/\/aindaei.com\/en\/wp-json\/wp\/v2\/pages\/4053\/revisions"}],"predecessor-version":[{"id":7700,"href":"https:\/\/aindaei.com\/en\/wp-json\/wp\/v2\/pages\/4053\/revisions\/7700"}],"wp:featuredmedia":[{"embeddable":true,"href":"https:\/\/aindaei.com\/en\/wp-json\/wp\/v2\/media\/4075"}],"wp:attachment":[{"href":"https:\/\/aindaei.com\/en\/wp-json\/wp\/v2\/media?parent=4053"}],"curies":[{"name":"wp","href":"https:\/\/api.w.org\/{rel}","templated":true}]}}